{"id":11,"date":"2025-08-15T18:23:46","date_gmt":"2025-08-15T18:23:46","guid":{"rendered":"https:\/\/aquatauro.cl\/?page_id=11"},"modified":"2025-08-16T03:58:21","modified_gmt":"2025-08-16T03:58:21","slug":"construccion","status":"publish","type":"page","link":"https:\/\/aquatauro.cl\/index.php\/construccion\/","title":{"rendered":"Construccion"},"content":{"rendered":"\n<div style=\"height:100px\" aria-hidden=\"true\" class=\"wp-block-spacer\"><\/div>\n\n\n\n<h3 class=\"wp-block-heading\"><strong>Nuestros Servicios<\/strong><\/h3>\n\n\n\n<p>Nuestra experiencia abarca desde proyectos de gran envergadura hasta trabajos de detalle, incluyendo:<\/p>\n\n\n\n<ul class=\"wp-block-list\">\n<li><strong>Terminaciones y Acabados:<\/strong> Nos enfocamos en dar el toque final a cada proyecto, garantizando resultados de alta calidad y durabilidad en acabados interiores y exteriores.<\/li>\n\n\n\n<li><strong>Obras Menores y Civiles:<\/strong> Realizamos todo tipo de trabajos de construcci\u00f3n, tanto en el sector p\u00fablico como privado, adapt\u00e1ndonos a las necesidades espec\u00edficas de cada cliente.<\/li>\n\n\n\n<li><strong>Mantenci\u00f3n y Reparaciones:<\/strong> Ofrecemos servicios de mantenci\u00f3n preventiva y correctiva para asegurar la funcionalidad y prolongar la vida \u00fatil de sus instalaciones.<\/li>\n\n\n\n<li><strong>Ampliaciones y Remodelaciones:<\/strong> Transformamos espacios, optimizando la funcionalidad y est\u00e9tica de su hogar, oficina o edificio.<\/li>\n<\/ul>\n\n\n\n<hr class=\"wp-block-separator has-alpha-channel-opacity\"\/>\n\n\n\n<div class=\"wp-block-columns is-layout-flex wp-container-core-columns-is-layout-9d6595d7 wp-block-columns-is-layout-flex\">\n<div class=\"wp-block-column is-layout-flow wp-block-column-is-layout-flow\">\n<figure class=\"wp-block-gallery has-nested-images columns-default is-cropped wp-block-gallery-1 is-layout-flex wp-block-gallery-is-layout-flex\">\n<figure class=\"wp-block-image size-large\"><img loading=\"lazy\" decoding=\"async\" width=\"315\" height=\"169\" data-id=\"120\" src=\"https:\/\/aquatauro.cl\/wp-content\/uploads\/2025\/08\/back-view-team-professional-painters-260nw-2406195791-3.png\" alt=\"\" class=\"wp-image-120\" srcset=\"https:\/\/aquatauro.cl\/wp-content\/uploads\/2025\/08\/back-view-team-professional-painters-260nw-2406195791-3.png 315w, https:\/\/aquatauro.cl\/wp-content\/uploads\/2025\/08\/back-view-team-professional-painters-260nw-2406195791-3-300x161.png 300w\" sizes=\"auto, (max-width: 315px) 100vw, 315px\" \/><\/figure>\n<\/figure>\n<\/div>\n\n\n\n<div class=\"wp-block-column is-layout-flow wp-block-column-is-layout-flow\">\n<figure class=\"wp-block-gallery has-nested-images columns-default is-cropped wp-block-gallery-2 is-layout-flex wp-block-gallery-is-layout-flex\">\n<figure class=\"wp-block-image size-large\"><img loading=\"lazy\" decoding=\"async\" width=\"1024\" height=\"554\" data-id=\"114\" src=\"https:\/\/aquatauro.cl\/wp-content\/uploads\/2025\/08\/1-3-1024x554.jpg\" alt=\"\" class=\"wp-image-114\" srcset=\"https:\/\/aquatauro.cl\/wp-content\/uploads\/2025\/08\/1-3-1024x554.jpg 1024w, https:\/\/aquatauro.cl\/wp-content\/uploads\/2025\/08\/1-3-300x162.jpg 300w, https:\/\/aquatauro.cl\/wp-content\/uploads\/2025\/08\/1-3-768x416.jpg 768w, https:\/\/aquatauro.cl\/wp-content\/uploads\/2025\/08\/1-3.jpg 1422w\" sizes=\"auto, (max-width: 1024px) 100vw, 1024px\" \/><\/figure>\n<\/figure>\n<\/div>\n\n\n\n<div class=\"wp-block-column is-layout-flow wp-block-column-is-layout-flow\">\n<figure class=\"wp-block-gallery has-nested-images columns-default is-cropped wp-block-gallery-3 is-layout-flex wp-block-gallery-is-layout-flex\">\n<figure class=\"wp-block-image size-large\"><img loading=\"lazy\" decoding=\"async\" width=\"515\" height=\"277\" data-id=\"112\" src=\"https:\/\/aquatauro.cl\/wp-content\/uploads\/2025\/08\/carre-4-1.png\" alt=\"\" class=\"wp-image-112\" srcset=\"https:\/\/aquatauro.cl\/wp-content\/uploads\/2025\/08\/carre-4-1.png 515w, https:\/\/aquatauro.cl\/wp-content\/uploads\/2025\/08\/carre-4-1-300x161.png 300w\" sizes=\"auto, (max-width: 515px) 100vw, 515px\" \/><\/figure>\n<\/figure>\n<\/div>\n<\/div>\n\n\n\n<div style=\"height:63px\" aria-hidden=\"true\" class=\"wp-block-spacer\"><\/div>\n\n\n\n<h3 class=\"wp-block-heading\"><strong>Presencia y Cobertura<\/strong><\/h3>\n\n\n\n<p>Nuestra casa matriz se encuentra en <strong>Santiago<\/strong>, desde donde coordinamos y ejecutamos proyectos en todo el territorio nacional. Nuestra trayectoria nos ha permitido desarrollar una red de profesionales y proveedores que nos permite llegar a cualquier rinc\u00f3n de Chile, garantizando la misma calidad y compromiso en cada obra.<\/p>\n\n\n\n<div style=\"height:67px\" aria-hidden=\"true\" class=\"wp-block-spacer\"><\/div>\n","protected":false},"excerpt":{"rendered":"<p>Nuestros Servicios Nuestra experiencia abarca desde proyectos de gran envergadura hasta trabajos de detalle, incluyendo: Presencia y Cobertura Nuestra casa matriz se encuentra en Santiago, desde donde coordinamos y ejecutamos proyectos en todo el territorio nacional. Nuestra trayectoria nos ha permitido desarrollar una red de profesionales y proveedores que nos permite llegar a cualquier rinc\u00f3n [&hellip;]<\/p>\n","protected":false},"author":1,"featured_media":0,"parent":0,"menu_order":0,"comment_status":"closed","ping_status":"closed","template":"","meta":{"footnotes":""},"class_list":["post-11","page","type-page","status-publish","hentry","entry"],"_links":{"self":[{"href":"https:\/\/aquatauro.cl\/index.php\/wp-json\/wp\/v2\/pages\/11","targetHints":{"allow":["GET"]}}],"collection":[{"href":"https:\/\/aquatauro.cl\/index.php\/wp-json\/wp\/v2\/pages"}],"about":[{"href":"https:\/\/aquatauro.cl\/index.php\/wp-json\/wp\/v2\/types\/page"}],"author":[{"embeddable":true,"href":"https:\/\/aquatauro.cl\/index.php\/wp-json\/wp\/v2\/users\/1"}],"replies":[{"embeddable":true,"href":"https:\/\/aquatauro.cl\/index.php\/wp-json\/wp\/v2\/comments?post=11"}],"version-history":[{"count":6,"href":"https:\/\/aquatauro.cl\/index.php\/wp-json\/wp\/v2\/pages\/11\/revisions"}],"predecessor-version":[{"id":154,"href":"https:\/\/aquatauro.cl\/index.php\/wp-json\/wp\/v2\/pages\/11\/revisions\/154"}],"wp:attachment":[{"href":"https:\/\/aquatauro.cl\/index.php\/wp-json\/wp\/v2\/media?parent=11"}],"curies":[{"name":"wp","href":"https:\/\/api.w.org\/{rel}","templated":true}]}}